{"id":428,"date":"2026-04-14T15:03:46","date_gmt":"2026-04-14T13:03:46","guid":{"rendered":"https:\/\/prod.florian-gracy.com\/LikeEvent\/?page_id=428"},"modified":"2026-04-15T15:46:05","modified_gmt":"2026-04-15T13:46:05","slug":"gestion-des-cookies","status":"publish","type":"page","link":"https:\/\/prod.florian-gracy.com\/LikeEvent\/gestion-des-cookies\/","title":{"rendered":"Gestion des cookies"},"content":{"rendered":"<p>La politique de confidentialit\u00e9 d\u00e9crit la mani\u00e8re dont Like Event collecte et traite les donn\u00e9es personnelles des utilisateurs du site.<\/p>\n<p>&nbsp;<\/p>\n<p>&nbsp;<\/p>\n<h4>Qu\u2019est-ce qu\u2019un cookie ?<\/h4>\n<p>&nbsp;<\/p>\n<p>Un cookie est un petit fichier texte d\u00e9pos\u00e9 sur votre terminal (ordinateur, tablette, smartphone) lors de la consultation d\u2019un site internet.<br \/>\nIl permet notamment de reconna\u00eetre votre appareil et de collecter certaines informations relatives \u00e0 votre navigation.<\/p>\n<p>&nbsp;<\/p>\n<p>&nbsp;<\/p>\n<p>&nbsp;<\/p>\n<h4>Pourquoi utilisons-nous des cookies ?<\/h4>\n<p>&nbsp;<\/p>\n<p>Nous utilisons diff\u00e9rents types de cookies afin d\u2019am\u00e9liorer votre exp\u00e9rience sur notre site :<\/p>\n<p><strong>\u00a0<\/strong><\/p>\n<p><strong>Cookies strictement n\u00e9cessaires<\/strong><\/p>\n<p>Ces cookies sont indispensables au bon fonctionnement du site et ne peuvent pas \u00eatre d\u00e9sactiv\u00e9s. Ils permettent par exemple :<\/p>\n<ul>\n<li>l\u2019acc\u00e8s aux fonctionnalit\u00e9s essentielles<\/li>\n<li>la s\u00e9curisation du site<\/li>\n<li>la gestion des pr\u00e9f\u00e9rences de navigation<\/li>\n<\/ul>\n<p>&nbsp;<\/p>\n<p><strong>Cookies de mesure d\u2019audience<\/strong><br \/>\nCes cookies nous permettent de comprendre comment les visiteurs utilisent notre site (pages consult\u00e9es, dur\u00e9e de visite, etc.) afin d\u2019en am\u00e9liorer le contenu et les performances.<\/p>\n<p>&nbsp;<\/p>\n<p><strong>Cookies de services tiers<\/strong><br \/>\nCertains services externes int\u00e9gr\u00e9s au site peuvent d\u00e9poser des cookies :<\/p>\n<ul>\n<li>vid\u00e9os (YouTube, Vimeo)<\/li>\n<li>cartes interactives (Google Maps)<\/li>\n<li>r\u00e9seaux sociaux<\/li>\n<\/ul>\n<p>&nbsp;<\/p>\n<p>&nbsp;<\/p>\n<h4><\/h4>\n<h4>Consentement<\/h4>\n<p>&nbsp;<\/p>\n<p>Lors de votre premi\u00e8re visite sur notre site, un bandeau vous informe de l\u2019utilisation des cookies.<br \/>\nVous pouvez :<\/p>\n<ul>\n<li>accepter tous les cookies<\/li>\n<li>refuser les cookies non essentiels<\/li>\n<li>personnaliser vos choix<\/li>\n<\/ul>\n<p>&nbsp;<\/p>\n<p>Votre consentement est conserv\u00e9 pour une dur\u00e9e maximale de <strong>6 mois.<\/strong><\/p>\n<p>&nbsp;<\/p>\n<p>&nbsp;<\/p>\n<h4><\/h4>\n<h4>Gestion des cookies<\/h4>\n<p>&nbsp;<\/p>\n<p>Vous pouvez \u00e0 tout moment modifier vos pr\u00e9f\u00e9rences en mati\u00e8re de cookies en cliquant sur : <strong>G\u00e9rer mes cookies<\/strong><\/p>\n<p>&nbsp;<\/p>\n<p>Vous pouvez \u00e9galement configurer votre navigateur pour :<\/p>\n<p>&nbsp;<\/p>\n<ul>\n<li>refuser tout ou partie des cookies<\/li>\n<li>\u00eatre inform\u00e9 lors du d\u00e9p\u00f4t de cookies<\/li>\n<li>supprimer les cookies d\u00e9j\u00e0 enregistr\u00e9s<\/li>\n<\/ul>\n<p>&nbsp;<\/p>\n<p>&nbsp;<\/p>\n<h4><\/h4>\n<h4>Dur\u00e9e de conservation<\/h4>\n<p>&nbsp;<\/p>\n<p>Les cookies sont conserv\u00e9s pour une dur\u00e9e maximale de <strong>13 mois<\/strong>, conform\u00e9ment \u00e0 la r\u00e9glementation en vigueur.<\/p>\n<p>&nbsp;<\/p>\n<p>&nbsp;<\/p>\n<h4><\/h4>\n<h4>Donn\u00e9es personnelles<\/h4>\n<p>&nbsp;<\/p>\n<p>Les informations collect\u00e9es via les cookies peuvent constituer des donn\u00e9es personnelles.<\/p>\n<p>Elles sont trait\u00e9es conform\u00e9ment \u00e0 notre politique de confidentialit\u00e9.<\/p>\n<p>&nbsp;<\/p>\n<p>Pour en savoir plus :\u00a0<a href=\"https:\/\/prod.florian-gracy.com\/LikeEvent\/politique-de-confidentialite\/\"> Politique de confidentialit\u00e9<\/a><br \/>\n&nbsp;<\/p>\n<p>&nbsp;<\/p>\n<h4><\/h4>\n<h4>Contact<\/h4>\n<p>&nbsp;<\/p>\n<p>Pour toute question relative \u00e0 l\u2019utilisation des cookies, vous pouvez nous contacter : <a href=\"mailto:contact@like-event.fr\">contact@like-event.fr<\/a><\/p>\n<p>&nbsp;<\/p>\n<p>&nbsp;<\/p>\n","protected":false},"excerpt":{"rendered":"<p>La politique de confidentialit\u00e9 d\u00e9crit la mani\u00e8re dont Like Event collecte et traite les donn\u00e9es personnelles des utilisateurs du site. &nbsp; &nbsp; Qu\u2019est-ce qu\u2019un cookie ? &nbsp; Un cookie est un petit fichier texte d\u00e9pos\u00e9 sur votre terminal (ordinateur, tablette, smartphone) lors de la consultation d\u2019un site internet. Il permet notamment de reconna\u00eetre votre appareil [&hellip;]<\/p>\n","protected":false},"author":1,"featured_media":0,"parent":0,"menu_order":0,"comment_status":"closed","ping_status":"closed","template":"","meta":{"_acf_changed":false,"footnotes":""},"class_list":["post-428","page","type-page","status-publish","hentry"],"acf":[],"yoast_head":"<!-- This site is optimized with the Yoast SEO plugin v27.3 - https:\/\/yoast.com\/product\/yoast-seo-wordpress\/ -->\n<title>Gestion des cookies - Like Event<\/title>\n<meta name=\"robots\" content=\"noindex, follow, max-snippet:-1, max-image-preview:large, max-video-preview:-1\" \/>\n<meta property=\"og:locale\" content=\"fr_FR\" \/>\n<meta property=\"og:type\" content=\"article\" \/>\n<meta property=\"og:title\" content=\"Gestion des cookies - Like Event\" \/>\n<meta property=\"og:description\" content=\"La politique de confidentialit\u00e9 d\u00e9crit la mani\u00e8re dont Like Event collecte et traite les donn\u00e9es personnelles des utilisateurs du site. &nbsp; &nbsp; Qu\u2019est-ce qu\u2019un cookie ? &nbsp; Un cookie est un petit fichier texte d\u00e9pos\u00e9 sur votre terminal (ordinateur, tablette, smartphone) lors de la consultation d\u2019un site internet. Il permet notamment de reconna\u00eetre votre appareil [&hellip;]\" \/>\n<meta property=\"og:url\" content=\"https:\/\/prod.florian-gracy.com\/LikeEvent\/gestion-des-cookies\/\" \/>\n<meta property=\"og:site_name\" content=\"Like Event\" \/>\n<meta property=\"article:modified_time\" content=\"2026-04-15T13:46:05+00:00\" \/>\n<meta name=\"twitter:card\" content=\"summary_large_image\" \/>\n<meta name=\"twitter:label1\" content=\"Dur\u00e9e de lecture estim\u00e9e\" \/>\n\t<meta name=\"twitter:data1\" content=\"2 minutes\" \/>\n<script type=\"application\/ld+json\" class=\"yoast-schema-graph\">{\"@context\":\"https:\\\/\\\/schema.org\",\"@graph\":[{\"@type\":\"WebPage\",\"@id\":\"https:\\\/\\\/prod.florian-gracy.com\\\/LikeEvent\\\/gestion-des-cookies\\\/\",\"url\":\"https:\\\/\\\/prod.florian-gracy.com\\\/LikeEvent\\\/gestion-des-cookies\\\/\",\"name\":\"Gestion des cookies - Like Event\",\"isPartOf\":{\"@id\":\"https:\\\/\\\/prod.florian-gracy.com\\\/LikeEvent\\\/#website\"},\"datePublished\":\"2026-04-14T13:03:46+00:00\",\"dateModified\":\"2026-04-15T13:46:05+00:00\",\"breadcrumb\":{\"@id\":\"https:\\\/\\\/prod.florian-gracy.com\\\/LikeEvent\\\/gestion-des-cookies\\\/#breadcrumb\"},\"inLanguage\":\"fr-FR\",\"potentialAction\":[{\"@type\":\"ReadAction\",\"target\":[\"https:\\\/\\\/prod.florian-gracy.com\\\/LikeEvent\\\/gestion-des-cookies\\\/\"]}]},{\"@type\":\"BreadcrumbList\",\"@id\":\"https:\\\/\\\/prod.florian-gracy.com\\\/LikeEvent\\\/gestion-des-cookies\\\/#breadcrumb\",\"itemListElement\":[{\"@type\":\"ListItem\",\"position\":1,\"name\":\"Accueil\",\"item\":\"https:\\\/\\\/prod.florian-gracy.com\\\/LikeEvent\\\/\"},{\"@type\":\"ListItem\",\"position\":2,\"name\":\"Gestion des cookies\"}]},{\"@type\":\"WebSite\",\"@id\":\"https:\\\/\\\/prod.florian-gracy.com\\\/LikeEvent\\\/#website\",\"url\":\"https:\\\/\\\/prod.florian-gracy.com\\\/LikeEvent\\\/\",\"name\":\"Like Event\",\"description\":\"\",\"potentialAction\":[{\"@type\":\"SearchAction\",\"target\":{\"@type\":\"EntryPoint\",\"urlTemplate\":\"https:\\\/\\\/prod.florian-gracy.com\\\/LikeEvent\\\/?s={search_term_string}\"},\"query-input\":{\"@type\":\"PropertyValueSpecification\",\"valueRequired\":true,\"valueName\":\"search_term_string\"}}],\"inLanguage\":\"fr-FR\"}]}<\/script>\n<!-- \/ Yoast SEO plugin. -->","yoast_head_json":{"title":"Gestion des cookies - Like Event","robots":{"index":"noindex","follow":"follow","max-snippet":"max-snippet:-1","max-image-preview":"max-image-preview:large","max-video-preview":"max-video-preview:-1"},"og_locale":"fr_FR","og_type":"article","og_title":"Gestion des cookies - Like Event","og_description":"La politique de confidentialit\u00e9 d\u00e9crit la mani\u00e8re dont Like Event collecte et traite les donn\u00e9es personnelles des utilisateurs du site. &nbsp; &nbsp; Qu\u2019est-ce qu\u2019un cookie ? &nbsp; Un cookie est un petit fichier texte d\u00e9pos\u00e9 sur votre terminal (ordinateur, tablette, smartphone) lors de la consultation d\u2019un site internet. Il permet notamment de reconna\u00eetre votre appareil [&hellip;]","og_url":"https:\/\/prod.florian-gracy.com\/LikeEvent\/gestion-des-cookies\/","og_site_name":"Like Event","article_modified_time":"2026-04-15T13:46:05+00:00","twitter_card":"summary_large_image","twitter_misc":{"Dur\u00e9e de lecture estim\u00e9e":"2 minutes"},"schema":{"@context":"https:\/\/schema.org","@graph":[{"@type":"WebPage","@id":"https:\/\/prod.florian-gracy.com\/LikeEvent\/gestion-des-cookies\/","url":"https:\/\/prod.florian-gracy.com\/LikeEvent\/gestion-des-cookies\/","name":"Gestion des cookies - Like Event","isPartOf":{"@id":"https:\/\/prod.florian-gracy.com\/LikeEvent\/#website"},"datePublished":"2026-04-14T13:03:46+00:00","dateModified":"2026-04-15T13:46:05+00:00","breadcrumb":{"@id":"https:\/\/prod.florian-gracy.com\/LikeEvent\/gestion-des-cookies\/#breadcrumb"},"inLanguage":"fr-FR","potentialAction":[{"@type":"ReadAction","target":["https:\/\/prod.florian-gracy.com\/LikeEvent\/gestion-des-cookies\/"]}]},{"@type":"BreadcrumbList","@id":"https:\/\/prod.florian-gracy.com\/LikeEvent\/gestion-des-cookies\/#breadcrumb","itemListElement":[{"@type":"ListItem","position":1,"name":"Accueil","item":"https:\/\/prod.florian-gracy.com\/LikeEvent\/"},{"@type":"ListItem","position":2,"name":"Gestion des cookies"}]},{"@type":"WebSite","@id":"https:\/\/prod.florian-gracy.com\/LikeEvent\/#website","url":"https:\/\/prod.florian-gracy.com\/LikeEvent\/","name":"Like Event","description":"","potentialAction":[{"@type":"SearchAction","target":{"@type":"EntryPoint","urlTemplate":"https:\/\/prod.florian-gracy.com\/LikeEvent\/?s={search_term_string}"},"query-input":{"@type":"PropertyValueSpecification","valueRequired":true,"valueName":"search_term_string"}}],"inLanguage":"fr-FR"}]}},"_links":{"self":[{"href":"https:\/\/prod.florian-gracy.com\/LikeEvent\/wp-json\/wp\/v2\/pages\/428","targetHints":{"allow":["GET"]}}],"collection":[{"href":"https:\/\/prod.florian-gracy.com\/LikeEvent\/wp-json\/wp\/v2\/pages"}],"about":[{"href":"https:\/\/prod.florian-gracy.com\/LikeEvent\/wp-json\/wp\/v2\/types\/page"}],"author":[{"embeddable":true,"href":"https:\/\/prod.florian-gracy.com\/LikeEvent\/wp-json\/wp\/v2\/users\/1"}],"replies":[{"embeddable":true,"href":"https:\/\/prod.florian-gracy.com\/LikeEvent\/wp-json\/wp\/v2\/comments?post=428"}],"version-history":[{"count":15,"href":"https:\/\/prod.florian-gracy.com\/LikeEvent\/wp-json\/wp\/v2\/pages\/428\/revisions"}],"predecessor-version":[{"id":463,"href":"https:\/\/prod.florian-gracy.com\/LikeEvent\/wp-json\/wp\/v2\/pages\/428\/revisions\/463"}],"wp:attachment":[{"href":"https:\/\/prod.florian-gracy.com\/LikeEvent\/wp-json\/wp\/v2\/media?parent=428"}],"curies":[{"name":"wp","href":"https:\/\/api.w.org\/{rel}","templated":true}]}}