{"id":3,"date":"2026-03-16T09:16:57","date_gmt":"2026-03-16T08:16:57","guid":{"rendered":"http:\/\/127.0.0.1\/LikeEvent\/?page_id=3"},"modified":"2026-04-15T15:32:20","modified_gmt":"2026-04-15T13:32:20","slug":"politique-de-confidentialite","status":"publish","type":"page","link":"https:\/\/prod.florian-gracy.com\/LikeEvent\/politique-de-confidentialite\/","title":{"rendered":"Politique de confidentialit\u00e9"},"content":{"rendered":"<p>La politique de confidentialit\u00e9 d\u00e9crit la mani\u00e8re dont Like Event collecte et traite les donn\u00e9es personnelles des utilisateurs du site.<\/p>\n<p>&nbsp;<\/p>\n<p>&nbsp;<\/p>\n<h4>Donn\u00e9es collect\u00e9es<\/h4>\n<p>&nbsp;<\/p>\n<p><strong>Lorsque vous utilisez le formulaire de contact, nous pouvons collecter les donn\u00e9es<\/strong><\/p>\n<p><strong>suivantes :<\/strong><\/p>\n<ul>\n<li>Nom et pr\u00e9nom<\/li>\n<li>Adresse email<\/li>\n<li>Num\u00e9ro de t\u00e9l\u00e9phone<\/li>\n<li>Nom de l\u2019entreprise<\/li>\n<li>Contenu du message<\/li>\n<\/ul>\n<p>Ces donn\u00e9es sont fournies volontairement par l\u2019utilisateur.<\/p>\n<h2><\/h2>\n<p>&nbsp;<\/p>\n<h2><\/h2>\n<p>&nbsp;<\/p>\n<h4>Finalit\u00e9 du traitement<\/h4>\n<p>&nbsp;<\/p>\n<p><strong>Les donn\u00e9es collect\u00e9es sont utilis\u00e9es exclusivement pour :<\/strong><\/p>\n<ul>\n<li>r\u00e9pondre \u00e0 votre demande<\/li>\n<li>vous recontacter dans le cadre de votre projet<\/li>\n<\/ul>\n<p>Le traitement repose sur l\u2019int\u00e9r\u00eat l\u00e9gitime de Like Event \u00e0 r\u00e9pondre aux demandes re\u00e7ues via le formulaire de contact.<\/p>\n<p>&nbsp;<\/p>\n<p>&nbsp;<\/p>\n<p>&nbsp;<\/p>\n<h4>Conservation et destinataires des donn\u00e9es<\/h4>\n<p>&nbsp;<\/p>\n<p>Les donn\u00e9es collect\u00e9es via le formulaire de contact sont conserv\u00e9es pour une dur\u00e9e maximale de 3 ans apr\u00e8s le dernier \u00e9change, sauf obligation l\u00e9gale contraire. Elles sont destin\u00e9es exclusivement \u00e0 Like Event et ne sont <strong>ni vendues ni transmises \u00e0 des tiers.<\/strong><\/p>\n<p>Les donn\u00e9es peuvent \u00eatre h\u00e9berg\u00e9es par des prestataires techniques (h\u00e9bergement du site), lesquels sont soumis \u00e0 des obligations strictes de confidentialit\u00e9 et de s\u00e9curit\u00e9.<\/p>\n<p>&nbsp;<\/p>\n<p>&nbsp;<\/p>\n<p>&nbsp;<\/p>\n<h4>Vos droits<\/h4>\n<p>&nbsp;<\/p>\n<p><strong>Conform\u00e9ment au r\u00e8glement g\u00e9n\u00e9ral sur la protection des donn\u00e9es (RGPD), vous disposez des droits suivants :<\/strong><\/p>\n<ul>\n<li>Droit d\u2019acc\u00e8s<\/li>\n<li>Droit de rectification<\/li>\n<li>Droit d\u2019effacement<\/li>\n<li>Droit d\u2019opposition<\/li>\n<li>Droit \u00e0 la limitation du traitement<\/li>\n<\/ul>\n<p>Pour exercer vos droits, vous pouvez nous contacter ou introduire une r\u00e9clamation aupr\u00e8s de la CNIL (<a href=\"https:\/\/www.cnil.fr\" target=\"_blank\" rel=\"noopener\">WWW.CNIL.FR<\/a>).<\/p>\n","protected":false},"excerpt":{"rendered":"<p>La politique de confidentialit\u00e9 d\u00e9crit la mani\u00e8re dont Like Event collecte et traite les donn\u00e9es personnelles des utilisateurs du site. &nbsp; &nbsp; Donn\u00e9es collect\u00e9es &nbsp; Lorsque vous utilisez le formulaire de contact, nous pouvons collecter les donn\u00e9es suivantes : Nom et pr\u00e9nom Adresse email Num\u00e9ro de t\u00e9l\u00e9phone Nom de l\u2019entreprise Contenu du message Ces donn\u00e9es [&hellip;]<\/p>\n","protected":false},"author":1,"featured_media":0,"parent":0,"menu_order":0,"comment_status":"closed","ping_status":"open","template":"","meta":{"_acf_changed":false,"footnotes":""},"class_list":["post-3","page","type-page","status-publish","hentry"],"acf":[],"yoast_head":"<!-- This site is optimized with the Yoast SEO plugin v27.3 - https:\/\/yoast.com\/product\/yoast-seo-wordpress\/ -->\n<title>Politique de confidentialit\u00e9 - Like Event<\/title>\n<meta name=\"robots\" content=\"noindex, follow, max-snippet:-1, max-image-preview:large, max-video-preview:-1\" \/>\n<meta property=\"og:locale\" content=\"fr_FR\" \/>\n<meta property=\"og:type\" content=\"article\" \/>\n<meta property=\"og:title\" content=\"Politique de confidentialit\u00e9 - Like Event\" \/>\n<meta property=\"og:description\" content=\"La politique de confidentialit\u00e9 d\u00e9crit la mani\u00e8re dont Like Event collecte et traite les donn\u00e9es personnelles des utilisateurs du site. &nbsp; &nbsp; Donn\u00e9es collect\u00e9es &nbsp; Lorsque vous utilisez le formulaire de contact, nous pouvons collecter les donn\u00e9es suivantes : Nom et pr\u00e9nom Adresse email Num\u00e9ro de t\u00e9l\u00e9phone Nom de l\u2019entreprise Contenu du message Ces donn\u00e9es [&hellip;]\" \/>\n<meta property=\"og:url\" content=\"https:\/\/prod.florian-gracy.com\/LikeEvent\/politique-de-confidentialite\/\" \/>\n<meta property=\"og:site_name\" content=\"Like Event\" \/>\n<meta property=\"article:modified_time\" content=\"2026-04-15T13:32:20+00:00\" \/>\n<meta name=\"twitter:card\" content=\"summary_large_image\" \/>\n<meta name=\"twitter:label1\" content=\"Dur\u00e9e de lecture estim\u00e9e\" \/>\n\t<meta name=\"twitter:data1\" content=\"2 minutes\" \/>\n<script type=\"application\/ld+json\" class=\"yoast-schema-graph\">{\"@context\":\"https:\\\/\\\/schema.org\",\"@graph\":[{\"@type\":\"WebPage\",\"@id\":\"https:\\\/\\\/prod.florian-gracy.com\\\/LikeEvent\\\/politique-de-confidentialite\\\/\",\"url\":\"https:\\\/\\\/prod.florian-gracy.com\\\/LikeEvent\\\/politique-de-confidentialite\\\/\",\"name\":\"Politique de confidentialit\u00e9 - Like Event\",\"isPartOf\":{\"@id\":\"https:\\\/\\\/prod.florian-gracy.com\\\/LikeEvent\\\/#website\"},\"datePublished\":\"2026-03-16T08:16:57+00:00\",\"dateModified\":\"2026-04-15T13:32:20+00:00\",\"breadcrumb\":{\"@id\":\"https:\\\/\\\/prod.florian-gracy.com\\\/LikeEvent\\\/politique-de-confidentialite\\\/#breadcrumb\"},\"inLanguage\":\"fr-FR\",\"potentialAction\":[{\"@type\":\"ReadAction\",\"target\":[\"https:\\\/\\\/prod.florian-gracy.com\\\/LikeEvent\\\/politique-de-confidentialite\\\/\"]}]},{\"@type\":\"BreadcrumbList\",\"@id\":\"https:\\\/\\\/prod.florian-gracy.com\\\/LikeEvent\\\/politique-de-confidentialite\\\/#breadcrumb\",\"itemListElement\":[{\"@type\":\"ListItem\",\"position\":1,\"name\":\"Accueil\",\"item\":\"https:\\\/\\\/prod.florian-gracy.com\\\/LikeEvent\\\/\"},{\"@type\":\"ListItem\",\"position\":2,\"name\":\"Politique de confidentialit\u00e9\"}]},{\"@type\":\"WebSite\",\"@id\":\"https:\\\/\\\/prod.florian-gracy.com\\\/LikeEvent\\\/#website\",\"url\":\"https:\\\/\\\/prod.florian-gracy.com\\\/LikeEvent\\\/\",\"name\":\"Like Event\",\"description\":\"\",\"potentialAction\":[{\"@type\":\"SearchAction\",\"target\":{\"@type\":\"EntryPoint\",\"urlTemplate\":\"https:\\\/\\\/prod.florian-gracy.com\\\/LikeEvent\\\/?s={search_term_string}\"},\"query-input\":{\"@type\":\"PropertyValueSpecification\",\"valueRequired\":true,\"valueName\":\"search_term_string\"}}],\"inLanguage\":\"fr-FR\"}]}<\/script>\n<!-- \/ Yoast SEO plugin. -->","yoast_head_json":{"title":"Politique de confidentialit\u00e9 - Like Event","robots":{"index":"noindex","follow":"follow","max-snippet":"max-snippet:-1","max-image-preview":"max-image-preview:large","max-video-preview":"max-video-preview:-1"},"og_locale":"fr_FR","og_type":"article","og_title":"Politique de confidentialit\u00e9 - Like Event","og_description":"La politique de confidentialit\u00e9 d\u00e9crit la mani\u00e8re dont Like Event collecte et traite les donn\u00e9es personnelles des utilisateurs du site. &nbsp; &nbsp; Donn\u00e9es collect\u00e9es &nbsp; Lorsque vous utilisez le formulaire de contact, nous pouvons collecter les donn\u00e9es suivantes : Nom et pr\u00e9nom Adresse email Num\u00e9ro de t\u00e9l\u00e9phone Nom de l\u2019entreprise Contenu du message Ces donn\u00e9es [&hellip;]","og_url":"https:\/\/prod.florian-gracy.com\/LikeEvent\/politique-de-confidentialite\/","og_site_name":"Like Event","article_modified_time":"2026-04-15T13:32:20+00:00","twitter_card":"summary_large_image","twitter_misc":{"Dur\u00e9e de lecture estim\u00e9e":"2 minutes"},"schema":{"@context":"https:\/\/schema.org","@graph":[{"@type":"WebPage","@id":"https:\/\/prod.florian-gracy.com\/LikeEvent\/politique-de-confidentialite\/","url":"https:\/\/prod.florian-gracy.com\/LikeEvent\/politique-de-confidentialite\/","name":"Politique de confidentialit\u00e9 - Like Event","isPartOf":{"@id":"https:\/\/prod.florian-gracy.com\/LikeEvent\/#website"},"datePublished":"2026-03-16T08:16:57+00:00","dateModified":"2026-04-15T13:32:20+00:00","breadcrumb":{"@id":"https:\/\/prod.florian-gracy.com\/LikeEvent\/politique-de-confidentialite\/#breadcrumb"},"inLanguage":"fr-FR","potentialAction":[{"@type":"ReadAction","target":["https:\/\/prod.florian-gracy.com\/LikeEvent\/politique-de-confidentialite\/"]}]},{"@type":"BreadcrumbList","@id":"https:\/\/prod.florian-gracy.com\/LikeEvent\/politique-de-confidentialite\/#breadcrumb","itemListElement":[{"@type":"ListItem","position":1,"name":"Accueil","item":"https:\/\/prod.florian-gracy.com\/LikeEvent\/"},{"@type":"ListItem","position":2,"name":"Politique de confidentialit\u00e9"}]},{"@type":"WebSite","@id":"https:\/\/prod.florian-gracy.com\/LikeEvent\/#website","url":"https:\/\/prod.florian-gracy.com\/LikeEvent\/","name":"Like Event","description":"","potentialAction":[{"@type":"SearchAction","target":{"@type":"EntryPoint","urlTemplate":"https:\/\/prod.florian-gracy.com\/LikeEvent\/?s={search_term_string}"},"query-input":{"@type":"PropertyValueSpecification","valueRequired":true,"valueName":"search_term_string"}}],"inLanguage":"fr-FR"}]}},"_links":{"self":[{"href":"https:\/\/prod.florian-gracy.com\/LikeEvent\/wp-json\/wp\/v2\/pages\/3","targetHints":{"allow":["GET"]}}],"collection":[{"href":"https:\/\/prod.florian-gracy.com\/LikeEvent\/wp-json\/wp\/v2\/pages"}],"about":[{"href":"https:\/\/prod.florian-gracy.com\/LikeEvent\/wp-json\/wp\/v2\/types\/page"}],"author":[{"embeddable":true,"href":"https:\/\/prod.florian-gracy.com\/LikeEvent\/wp-json\/wp\/v2\/users\/1"}],"replies":[{"embeddable":true,"href":"https:\/\/prod.florian-gracy.com\/LikeEvent\/wp-json\/wp\/v2\/comments?post=3"}],"version-history":[{"count":10,"href":"https:\/\/prod.florian-gracy.com\/LikeEvent\/wp-json\/wp\/v2\/pages\/3\/revisions"}],"predecessor-version":[{"id":449,"href":"https:\/\/prod.florian-gracy.com\/LikeEvent\/wp-json\/wp\/v2\/pages\/3\/revisions\/449"}],"wp:attachment":[{"href":"https:\/\/prod.florian-gracy.com\/LikeEvent\/wp-json\/wp\/v2\/media?parent=3"}],"curies":[{"name":"wp","href":"https:\/\/api.w.org\/{rel}","templated":true}]}}